{"id":11245,"date":"2026-04-20T14:55:17","date_gmt":"2026-04-20T14:55:17","guid":{"rendered":"https:\/\/vatansehitleri.org\/?page_id=11245"},"modified":"2026-04-20T14:57:35","modified_gmt":"2026-04-20T14:57:35","slug":"dilekce-ornekleri","status":"publish","type":"page","link":"https:\/\/vatansehitleri.org\/index.php\/dilekce-ornekleri\/","title":{"rendered":"D\u0130LEK\u00c7E \u00d6RNEKLER\u0130"},"content":{"rendered":"\n<figure class=\"wp-block-image alignwide size-full\"><img loading=\"lazy\" decoding=\"async\" width=\"756\" height=\"154\" src=\"https:\/\/vatansehitleri.org\/wp-content\/uploads\/2026\/04\/image-6.jpeg\" alt=\"\" class=\"wp-image-11246\" srcset=\"https:\/\/vatansehitleri.org\/wp-content\/uploads\/2026\/04\/image-6.jpeg 756w, https:\/\/vatansehitleri.org\/wp-content\/uploads\/2026\/04\/image-6-300x61.jpeg 300w, https:\/\/vatansehitleri.org\/wp-content\/uploads\/2026\/04\/image-6-750x153.jpeg 750w\" sizes=\"auto, (max-width: 756px) 100vw, 756px\" \/><\/figure>\n\n\n\n<p>VTN<\/p>\n\n\n\n<figure class=\"wp-block-image aligncenter size-large\"><img loading=\"lazy\" decoding=\"async\" width=\"714\" height=\"1024\" src=\"https:\/\/vatansehitleri.org\/wp-content\/uploads\/2026\/04\/image-7-714x1024.jpeg\" alt=\"\" class=\"wp-image-11247\" srcset=\"https:\/\/vatansehitleri.org\/wp-content\/uploads\/2026\/04\/image-7-714x1024.jpeg 714w, https:\/\/vatansehitleri.org\/wp-content\/uploads\/2026\/04\/image-7-209x300.jpeg 209w, https:\/\/vatansehitleri.org\/wp-content\/uploads\/2026\/04\/image-7-750x1075.jpeg 750w, https:\/\/vatansehitleri.org\/wp-content\/uploads\/2026\/04\/image-7.jpeg 756w\" sizes=\"auto, (max-width: 714px) 100vw, 714px\" \/><\/figure>\n\n\n\n<p><\/p>\n\n\n\n<p><\/p>\n\n\n\n<p><strong>D\u0130LEK\u00c7E<\/strong><\/p>\n\n\n\n<p><strong>1- SSK Emeklilik \u0130\u015flemleri \u0130\u00e7in Ba\u015fvuru Dilek\u00e7esi \u00d6rne\u011fi<\/strong><\/p>\n\n\n\n<p><strong>&nbsp;&nbsp;&nbsp;&nbsp;&nbsp;&nbsp;&nbsp;&nbsp;&nbsp;&nbsp;&nbsp;&nbsp;&nbsp;&nbsp;&nbsp;&nbsp;&nbsp;&nbsp;&nbsp;&nbsp;&nbsp;&nbsp;&nbsp;&nbsp;&nbsp;&nbsp;&nbsp;&nbsp;&nbsp;&nbsp;&nbsp;&nbsp;&nbsp;&nbsp;&nbsp;&nbsp;&nbsp; T.C.<br>SOSYAL G\u00dcVENL\u0130K KURUMU BA\u015eKANLI\u011eI<br>EMEKL\u0130L\u0130K H\u0130ZMETLER\u0130 GENEL M\u00dcD\u00dcRL\u00dc\u011e\u00dc\u2019NE &nbsp; &nbsp; &nbsp; &nbsp; &nbsp; &nbsp; &nbsp; &nbsp; &nbsp; &nbsp; &nbsp; &nbsp; &nbsp; &nbsp; &nbsp; &nbsp; &nbsp; &nbsp; &nbsp; &nbsp; &nbsp; &nbsp; &nbsp; &nbsp; &nbsp; &nbsp; &nbsp; &nbsp; &nbsp; &nbsp; &nbsp; &nbsp; &nbsp; &nbsp; &nbsp; &nbsp; &nbsp; &nbsp; &nbsp; &nbsp; &nbsp; &nbsp; &nbsp; &nbsp; &nbsp; &nbsp; &nbsp; &nbsp; &nbsp; &nbsp; &nbsp; &nbsp; &nbsp; &nbsp; &nbsp; &nbsp; &nbsp; &nbsp; &nbsp; &nbsp; &nbsp; &nbsp; &nbsp; &nbsp; &nbsp; &nbsp; &nbsp; &nbsp;&nbsp;&nbsp;ANKARA<\/strong><\/p>\n\n\n\n<p>12&nbsp;Mart&nbsp;2014 tarihinde, 70\u2019inci Mekanize Piyade Tugay\u0131, 2\u2019\u00fcnc\u00fc Hudut Alay\u0131, 2\u2019inci Hudut Taburu, 3\u2019inci Hudut B\u00f6l\u00fc\u011f\u00fcne ba\u011fl\u0131 Kalecik&nbsp;Karakolunda \u2026\u2026\u2026\u2026.&nbsp;sicil numaral\u0131 yedek subay aste\u011fmen\/er &nbsp;olarak &nbsp;g\u00f6revlerimden dolay\u0131 g\u00f6zetleme yapmak ve kontrol i\u00e7in \u00e7\u0131kt\u0131\u011f\u0131m &nbsp;g\u00f6zetleme kulesinde dengemi yitirip d\u00fc\u015fmem sonucunda yaralanarak malul kald\u0131m. Ankara GATA\u2019dan ald\u0131\u011f\u0131m kati raporla 63\/D\/7 askerli\u011fe elveri\u015fli de\u011fildir karar\u0131 \u00e7\u0131km\u0131\u015ft\u0131r.<\/p>\n\n\n\n<p>\u0130\u015flemler i\u00e7in gerekli belgeler dilek\u00e7e ekinde mevcuttur. Malulen emeklilik i\u00e7in gerekli i\u015flemlerin ba\u015flamas\u0131n\u0131 ve taraf\u0131ma malulen emekli ayl\u0131\u011f\u0131 ba\u011flanmas\u0131n\u0131 arz ederim.<\/p>\n\n\n\n<p>\u2026.. \/ \u2026\u2026\/ 2014<\/p>\n\n\n\n<p>Ad-Soyad<br>T.C. Kimlik No<\/p>\n\n\n\n<p>ADRES: &nbsp;\u2026\u2026\u2026\u2026\u2026\u2026\u2026\u2026\u2026\u2026\u2026..<br>Tel : \u2026\u2026\u2026\u2026\u2026\u2026\u2026\u2026\u2026\u2026\u2026.<\/p>\n\n\n\n<p>EK :<\/p>\n\n\n\n<ul class=\"wp-block-list\">\n<li>Maluliyet derecesi belirlenmesi ve malulen emeklilik i\u00e7in ba\u015fvuru dilek\u00e7esi<\/li>\n\n\n\n<li>Vukuatl\u0131 N\u00fcfus Kay\u0131t \u00d6rne\u011fi<\/li>\n\n\n\n<li>Ankara Gata, T\u00fcrk Silahl\u0131 Kuvvetleri Kat\u2019i Sa\u011fl\u0131k Raporu \u00d6rne\u011fi<\/li>\n\n\n\n<li>Terhis Belgesi<\/li>\n\n\n\n<li>Ameliyat Hasta Epikriz Raporu\/Belgesi<\/li>\n\n\n\n<li>\u00d6\u011frenim Belgesi \u2013 \u00dcniversite\/ Lise Diploma Onayl\u0131 Fotokopisi<\/li>\n\n\n\n<li>Ankara Gata, T\u00fcrk Silahl\u0131 Kuvvetleri \u00d6n Sa\u011fl\u0131k Raporu Fotokopisi<\/li>\n\n\n\n<li>T\u00fcrk Silahl\u0131 Kuvvetleri- Kaza \/ Olay Raporu Fotokopisi<\/li>\n\n\n\n<li>Ankara Gata Radyoloji Sonu\u00e7 Raporu Fotokopisi<\/li>\n\n\n\n<li>Ankara Gata\u2019ya Muayene ve Tedavi Sevk Yaz\u0131s\u0131 Fotokopisi<\/li>\n\n\n\n<li>Ankara Gata \u0130lk Rapor ve Muayene Sonu\u00e7 Fotokopisi<\/li>\n\n\n\n<li>90 g\u00fcn \u0130stirahat Rapor Fotokopisi<\/li>\n\n\n\n<li>Devlet Hastanesi \u0130lk Muayene Raporu Fotokopisi<\/li>\n\n\n\n<li>N\u00fcfus Ka\u011f\u0131d\u0131 Fotokopisi<\/li>\n\n\n\n<li>Vesikal\u0131k Foto\u011fraf<\/li>\n<\/ul>\n\n\n\n<p>\u2014\u2014\u2014\u2014\u2014\u2014\u2014\u2014\u2014\u2014\u2014\u2014\u2014\u2014\u2014\u2014\u2014\u2014\u2014\u2014\u2014\u2014\u2014\u2014\u2014\u2014\u2014\u2014\u2014\u2014\u2014\u2014\u2014\u2014\u2014<\/p>\n\n\n\n<p><\/p>\n\n\n\n<p><\/p>\n\n\n\n<p><strong>2- SGK Eksik Evraklar\u0131n\u0131 Hastanelerden \u0130steme Dilek\u00e7esi<\/strong><\/p>\n\n\n\n<p><strong>&nbsp;&nbsp;&nbsp;&nbsp;&nbsp;&nbsp;&nbsp;&nbsp;&nbsp;&nbsp;&nbsp;&nbsp;&nbsp;&nbsp;&nbsp;&nbsp; T.C.<br>SA\u011eLIK BAKANLI\u011eI<br>\u2026\u2026\u2026\u2026. &nbsp;DEVLET HASTANES\u0130 &nbsp; &nbsp; &nbsp; &nbsp; &nbsp; &nbsp; &nbsp; &nbsp; &nbsp; &nbsp; &nbsp; &nbsp; &nbsp; &nbsp; &nbsp; &nbsp; &nbsp; &nbsp; &nbsp; &nbsp; &nbsp; &nbsp; &nbsp; &nbsp; &nbsp; &nbsp; &nbsp; &nbsp; &nbsp; &nbsp; &nbsp; &nbsp; &nbsp;&nbsp;<\/strong><\/p>\n\n\n\n<p>Sosyal G\u00fcvenlik Kurumu Ba\u015fkanl\u0131\u011f\u0131, Emeklilik Hizmetleri Genel M\u00fcd\u00fcrl\u00fc\u011f\u00fc, Kamu G\u00f6revlileri Emeklilik Daire Ba\u015fkanl\u0131\u011f\u0131, \u2026\u2026\u2026\u2026&nbsp;\/ \u2026\u2026\u2026\u2026\u2026\u2026\u2026.&nbsp;say\u0131l\u0131 sa\u011fl\u0131k kurulu karar\u0131na istinaden , g\u00f6revim s\u0131ras\u0131nda ..\/..\/2015 tarihinde ge\u00e7irdi\u011fim kazay\u0131 takiben hastaneniz acil servisinde oldu\u011fum muayene ve film \u00e7ekimi ile ilgili \u015fahs\u0131m ad\u0131na tutulan t\u0131bbi belgelerin; \u0130lk M\u00fcdahale (t\u0131bbi) Raporu, \u2026\u2026\u2026 K\u0131r\u0131\u011f\u0131 Filmi, SGK Ankara Kamu G\u00f6revlileri Emeklilik Daire Ba\u015fkanl\u0131\u011f\u0131 \/ Primsiz&nbsp;\u00d6demeler&nbsp;Daire Ba\u015fkanl\u0131\u011f\u0131&nbsp;taraf\u0131ndan talep edilmektedir. Talep karar yaz\u0131s\u0131 dilek\u00e7e ekinde bulunmaktad\u0131r.<\/p>\n\n\n\n<p>Bu nedenle hastaneniz taraf\u0131ndan tutulan SGK\u2019n\u0131n talep etti\u011fi t\u0131bbi belgelerin taraf\u0131ma g\u00f6nderilmesini,<\/p>\n\n\n\n<p>Bilgilerinize arz ederim. &nbsp;&nbsp;\u2026\/\u2026\/2015<\/p>\n\n\n\n<p>Ad-Soyad<br>T.C. No<\/p>\n\n\n\n<p>ADRES: \u2026\u2026\u2026\u2026\u2026\u2026..<br>Tel : \u2026\u2026\u2026\u2026\u2026\u2026\u2026\u2026..<\/p>\n\n\n\n<p>\u2014\u2014\u2014\u2014\u2014\u2014\u2014\u2014\u2014\u2014\u2014\u2014\u2014\u2014\u2014\u2014\u2014\u2014\u2014\u2014\u2014\u2014\u2014\u2014\u2014\u2014\u2014\u2014\u2014\u2014\u2014\u2014\u2014\u2014\u2014-<\/p>\n\n\n\n<p><\/p>\n\n\n\n<p><\/p>\n\n\n\n<p><\/p>\n\n\n\n<p><strong>3- Nakdi Tazminat Ba\u015fvurusu \u0130\u00e7in Gerekli Dilek\u00e7e \u00d6rne\u011fi<\/strong><\/p>\n\n\n\n<p><strong>&nbsp;&nbsp;&nbsp;&nbsp;&nbsp;&nbsp;&nbsp;&nbsp;&nbsp;&nbsp;&nbsp;&nbsp;&nbsp;&nbsp;&nbsp;&nbsp;&nbsp;&nbsp;&nbsp;&nbsp;&nbsp;&nbsp;&nbsp;&nbsp;&nbsp;&nbsp;&nbsp;&nbsp;&nbsp;&nbsp;&nbsp;&nbsp;&nbsp;&nbsp;&nbsp;&nbsp;&nbsp;&nbsp;&nbsp;&nbsp;&nbsp;&nbsp;&nbsp;&nbsp;&nbsp;&nbsp;&nbsp;&nbsp;&nbsp;&nbsp;&nbsp;&nbsp;&nbsp;&nbsp;&nbsp;&nbsp;&nbsp;&nbsp; T.C.<br>KARA KUVVETLER\u0130 PERSONEL \u0130\u015eLEM DA\u0130RE BA\u015eKANLI\u011eI\u2019NA \/ ANKARA<\/strong><\/p>\n\n\n\n<p>\u2026\u2026\u2026\u2026.&nbsp;2015 tarihinde, 70\u2019inci Mekanize Piyade Tugay\u0131, x\u2019\u00fcnc\u00fc Hudut Alay\u0131, x\u2019inci Hudut Taburu, x\u2019inci Hudut B\u00f6l\u00fc\u011f\u00fcne ba\u011fl\u0131 Elmac\u0131k Karakolunda \u2026\u2026\u2026\u2026\u2026\u2026.&nbsp;sicil numaral\u0131 yedek subay aste\u011fmen \/ er olarak &nbsp;g\u00f6revim s\u0131ras\u0131nda g\u00f6revlerimden dolay\u0131 g\u00f6zetleme yapmak ve kontrol i\u00e7in \u00e7\u0131kt\u0131\u011f\u0131m g\u00f6zetleme kulesinde dengemi yitirip d\u00fc\u015fmem sonucunda yaralanarak malul kald\u0131m. Ankara GATA\u2019dan ald\u0131\u011f\u0131m kati raporla 63\/D\/7 askerli\u011fe elveri\u015fli de\u011fildir karar\u0131 \u00e7\u0131km\u0131\u015ft\u0131r.<\/p>\n\n\n\n<p>Nakdi tazminat\u0131n a\u015fa\u011f\u0131da belirtilen hesap numaras\u0131na&nbsp; yat\u0131r\u0131lmas\u0131n\u0131 arz ederim.<\/p>\n\n\n\n<p>\u2026.. \/ \u2026\u2026\/ 2015<\/p>\n\n\n\n<p>Ad-Soyad<br>T.C. Kimlik No<\/p>\n\n\n\n<p>ADRES: \u2026\u2026\u2026\u2026\u2026\u2026.<br>IBAN:&nbsp; \u2026\u2026\u2026\u2026\u2026\u2026\u2026\u2026\u2026\u2026\u2026\u2026<br>Tel :&nbsp;\u2026\u2026\u2026\u2026\u2026\u2026\u2026\u2026\u2026\u2026\u2026.<\/p>\n\n\n\n<p>\u2014\u2014\u2014\u2014\u2014\u2014\u2014\u2014\u2014\u2014\u2014\u2014\u2014\u2014\u2014\u2014\u2014\u2014\u2014\u2014\u2014\u2014\u2014\u2014\u2014\u2014\u2014\u2014\u2014\u2014\u2014\u2014\u2014\u2014\u2014-<\/p>\n\n\n\n<p><\/p>\n\n\n\n<p><\/p>\n\n\n\n<p><\/p>\n\n\n\n<p><strong>4- OYAK \u2013 Ordu Yard\u0131mla\u015fma Kurumu \u2013 Maluliyet Yard\u0131m\u0131 Ba\u015fvuru Dilek\u00e7esi<\/strong><\/p>\n\n\n\n<p><strong>&nbsp;&nbsp;&nbsp;&nbsp;&nbsp;&nbsp;&nbsp;&nbsp;&nbsp;&nbsp;&nbsp;&nbsp;&nbsp;&nbsp;&nbsp;&nbsp;&nbsp;&nbsp;&nbsp;&nbsp;&nbsp;&nbsp;&nbsp;&nbsp;&nbsp;&nbsp;&nbsp;&nbsp;&nbsp;&nbsp;&nbsp;&nbsp;&nbsp; T.C.<br>OYAK \u2013 ORDU YARDIMLA\u015eMA KURUMU<br>&nbsp; &nbsp; &nbsp; &nbsp; &nbsp; &nbsp; &nbsp; &nbsp; &nbsp; &nbsp; &nbsp; &nbsp; &nbsp; &nbsp; &nbsp; &nbsp; &nbsp; &nbsp; &nbsp; &nbsp; &nbsp; &nbsp; &nbsp; &nbsp; &nbsp; &nbsp; &nbsp; &nbsp; &nbsp; &nbsp; &nbsp; &nbsp; &nbsp;&nbsp;ANKARA<\/strong><\/p>\n\n\n\n<p>\u2026\u2026\u2026\u2026\u2026\u2026\u2026\u2026. tarihinde, xx\u2019inci Mekanize Piyade Tugay\u0131, x\u2019\u00fcnc\u00fc Hudut Alay\u0131,x\u2019inci Hudut Taburu, x\u2019inci Hudut B\u00f6l\u00fc\u011f\u00fcne ba\u011fl\u0131 \u2026\u2026\u2026\u2026\u2026\u2026..&nbsp;Karakolunda \u2026\u2026\u2026\u2026\u2026\u2026\u2026.&nbsp;sicil numaral\u0131 yedek subay aste\u011fmen\/er olarak &nbsp;g\u00f6revim s\u0131ras\u0131nda ka\u00e7ak\u00e7\u0131l\u0131\u011f\u0131 men, takip ve tahkikle g\u00f6revli iken g\u00f6zetleme yapmak ve kontrol i\u00e7in \u00e7\u0131kt\u0131\u011f\u0131m &nbsp;g\u00f6zetleme kulesinde dengemi yitirip d\u00fc\u015fmem sonucunda yaralanarak malul kald\u0131m.<\/p>\n\n\n\n<p>Ankara GATA\u2019dan \u2026\u2026\u2026\u2026\u2026..&nbsp;2014 tarihli ald\u0131\u011f\u0131m kati raporla 63\/D\/7 askerli\u011fe elveri\u015fli de\u011fildir karar\u0131 \u00e7\u0131km\u0131\u015ft\u0131r.<\/p>\n\n\n\n<p>Milli Savunma Bakanl\u0131\u011f\u0131\u2019ndan Onayl\u0131 Kesin \u0130\u015flem Sa\u011fl\u0131k Raporum dilek\u00e7e ekinde bulunmaktad\u0131r. Oyak \u00fcyeli\u011fim oldu\u011fundan, kurumun verdi\u011fi maluliyet yard\u0131m\u0131n\u0131 talep ediyorum. Gere\u011finin yap\u0131lmas\u0131n\u0131 ve taraf\u0131ma bilgilendirilmesi arz ederim.<\/p>\n\n\n\n<p>xx.xx.2015<\/p>\n\n\n\n<p>Ad-Soyad<br>T.C. Kimlik No<\/p>\n\n\n\n<p>ADRES: \u2026\u2026\u2026\u2026\u2026\u2026\u2026\u2026\u2026\u2026\u2026..<\/p>\n\n\n\n<p>Telefon : \u2026\u2026\u2026\u2026\u2026\u2026\u2026\u2026\u2026\u2026\u2026<\/p>\n\n\n\n<p>IBAN: \u2026\u2026\u2026\u2026\u2026\u2026\u2026\u2026\u2026<\/p>\n\n\n\n<p>\u2013\u2014\u2014\u2014\u2014\u2014\u2014\u2014\u2014\u2014\u2014\u2014\u2014\u2014\u2014\u2014\u2014\u2014\u2014\u2014\u2014\u2014\u2014\u2014\u2014\u2014\u2014\u2014\u2014\u2014\u2014\u2014\u2014\u2014\u2014\u2014<\/p>\n\n\n\n<p><\/p>\n\n\n\n<p><\/p>\n\n\n\n<p><\/p>\n\n\n\n<p><strong>5- Anadolu Sigorta \/ Mehmet\u00e7ik Sigorta Tazminat \u00d6demesi \u0130\u00e7in Ba\u015fvuru Dilek\u00e7esi<\/strong><\/p>\n\n\n\n<p><strong>&nbsp;&nbsp;&nbsp;&nbsp;&nbsp;&nbsp;&nbsp;&nbsp;&nbsp;&nbsp;&nbsp;&nbsp;&nbsp;&nbsp; ANADOLU S\u0130GORTA<br>\u0130\u00c7 ANADOLU B\u00d6LGE M\u00dcD\u00dcRL\u00dc\u011e\u00dc\u2019NE &nbsp; &nbsp; &nbsp; &nbsp; &nbsp; &nbsp; &nbsp; &nbsp; &nbsp; &nbsp; &nbsp; &nbsp; &nbsp; &nbsp; &nbsp; &nbsp; &nbsp; &nbsp; &nbsp; &nbsp; &nbsp; &nbsp; &nbsp; &nbsp; &nbsp; &nbsp; &nbsp; &nbsp; &nbsp; &nbsp; &nbsp; &nbsp; &nbsp; &nbsp; &nbsp; &nbsp; &nbsp; &nbsp; &nbsp; &nbsp; &nbsp; &nbsp; &nbsp; &nbsp; &nbsp; &nbsp; &nbsp; &nbsp; &nbsp; &nbsp; &nbsp; &nbsp; &nbsp; &nbsp; &nbsp; &nbsp; &nbsp; &nbsp; &nbsp; &nbsp; &nbsp; &nbsp; &nbsp; &nbsp; &nbsp; &nbsp; &nbsp; &nbsp; &nbsp; &nbsp; &nbsp; &nbsp; &nbsp; &nbsp; &nbsp; &nbsp; &nbsp; &nbsp; &nbsp; &nbsp; &nbsp; &nbsp; &nbsp; &nbsp; &nbsp; &nbsp; &nbsp; &nbsp; &nbsp; &nbsp; &nbsp; &nbsp; &nbsp; &nbsp;&nbsp; ANKARA<\/strong><\/p>\n\n\n\n<p>\u2026\u2026\u2026\u2026\u2026\u2026\u2026.&nbsp;tarihinde, \u2026.\u2019inci Mekanize Piyade Tugay\u0131, \u2026\u2026\u2019\u00fcnc\u00fc Hudut Alay\u0131, \u2026..\u2019inci Hudut Taburu,\u2026\u2026\u2019inci Hudut B\u00f6l\u00fc\u011f\u00fcne ba\u011fl\u0131 Elmac\u0131k&nbsp;Karakolunda g\u00f6rev s\u0131ras\u0131nda g\u00f6zetleme kulesinde ge\u00e7irdi\u011fim kazaya istinaden istenilen belgeleri ekte sunmakla birlikte, \u2026\u2026\u2026\u2026\u2026\u2026.&nbsp;poli\u00e7e numaral\u0131 Mehmet\u00e7ik Sigorta \/ Anadolu Sigorta tutar\u0131n\u0131n taraf\u0131ma \u00f6denmesini talep etmekteyim.<\/p>\n\n\n\n<p>Gere\u011fini, bilgilerinize arz ederim. \u2026.\/\u2026.\/20..<\/p>\n\n\n\n<p>Ad-Soyad<br>T.C. Kimlik No<\/p>\n\n\n\n<p>ADRES:&nbsp;\u2026\u2026\u2026\u2026\u2026\u2026\u2026\u2026\u2026\u2026\u2026\u2026\u2026\u2026.<\/p>\n\n\n\n<p>IBAN: TR\u2026\u2026\u2026\u2026\u2026\u2026\u2026\u2026\u2026\u2026\u2026\u2026\u2026.<\/p>\n\n\n\n<p>Tel :&nbsp;\u2026\u2026\u2026\u2026\u2026\u2026\u2026\u2026\u2026\u2026\u2026\u2026\u2026\u2026\u2026\u2026\u2026<\/p>\n\n\n\n<p><\/p>\n","protected":false},"excerpt":{"rendered":"<p>VTN D\u0130LEK\u00c7E 1- SSK Emeklilik \u0130\u015flemleri \u0130\u00e7in Ba\u015fvuru Dilek\u00e7esi \u00d6rne\u011fi &nbsp;&nbsp;&nbsp;&nbsp;&nbsp;&nbsp;&nbsp;&nbsp;&nbsp;&nbsp;&nbsp;&nbsp;&nbsp;&nbsp;&nbsp;&nbsp;&nbsp;&nbsp;&nbsp;&nbsp;&nbsp;&nbsp;&nbsp;&nbsp;&nbsp;&nbsp;&nbsp;&nbsp;&nbsp;&nbsp;&nbsp;&nbsp;&nbsp;&nbsp;&nbsp;&nbsp;&nbsp; T.C.SOSYAL G\u00dcVENL\u0130K KURUMU BA\u015eKANLI\u011eIEMEKL\u0130L\u0130K H\u0130ZMETLER\u0130 GENEL M\u00dcD\u00dcRL\u00dc\u011e\u00dc\u2019NE &nbsp; &nbsp; &nbsp; &nbsp; &nbsp; &nbsp; &nbsp; &nbsp; &nbsp; &nbsp; &nbsp; &nbsp; &nbsp; &nbsp; &nbsp; &nbsp; &nbsp; &nbsp; &nbsp; &nbsp; &nbsp; &nbsp; &nbsp; &nbsp; &nbsp; &nbsp; &nbsp; &nbsp; &nbsp; &nbsp; &nbsp; &nbsp; &nbsp; &nbsp; &nbsp; &nbsp; &nbsp; &hellip; <\/p>\n<p class=\"link-more\"><a href=\"https:\/\/vatansehitleri.org\/index.php\/dilekce-ornekleri\/\" class=\"more-link\"><span class=\"screen-reader-text\"> &#8220;D\u0130LEK\u00c7E \u00d6RNEKLER\u0130&#8221;<\/span>devam\u0131n\u0131 oku<\/a><\/p>\n","protected":false},"author":1,"featured_media":0,"parent":0,"menu_order":0,"comment_status":"closed","ping_status":"closed","template":"","meta":{"footnotes":""},"class_list":["post-11245","page","type-page","status-publish","hentry"],"_links":{"self":[{"href":"https:\/\/vatansehitleri.org\/index.php\/wp-json\/wp\/v2\/pages\/11245","targetHints":{"allow":["GET"]}}],"collection":[{"href":"https:\/\/vatansehitleri.org\/index.php\/wp-json\/wp\/v2\/pages"}],"about":[{"href":"https:\/\/vatansehitleri.org\/index.php\/wp-json\/wp\/v2\/types\/page"}],"author":[{"embeddable":true,"href":"https:\/\/vatansehitleri.org\/index.php\/wp-json\/wp\/v2\/users\/1"}],"replies":[{"embeddable":true,"href":"https:\/\/vatansehitleri.org\/index.php\/wp-json\/wp\/v2\/comments?post=11245"}],"version-history":[{"count":3,"href":"https:\/\/vatansehitleri.org\/index.php\/wp-json\/wp\/v2\/pages\/11245\/revisions"}],"predecessor-version":[{"id":11250,"href":"https:\/\/vatansehitleri.org\/index.php\/wp-json\/wp\/v2\/pages\/11245\/revisions\/11250"}],"wp:attachment":[{"href":"https:\/\/vatansehitleri.org\/index.php\/wp-json\/wp\/v2\/media?parent=11245"}],"curies":[{"name":"wp","href":"https:\/\/api.w.org\/{rel}","templated":true}]}}